{"id":19904,"date":"2020-07-06T13:33:21","date_gmt":"2020-07-06T11:33:21","guid":{"rendered":"https:\/\/pp-performanceplus.com\/shop\/?post_type=product&#038;p=19904"},"modified":"2026-03-02T06:06:20","modified_gmt":"2026-03-02T05:06:20","slug":"octane-booster","status":"publish","type":"product","link":"https:\/\/pp-performanceplus.com\/shop\/product\/octane-booster\/","title":{"rendered":"Octane Booster high-class"},"content":{"rendered":"<h3><strong>Octane Booster bringt mehr Energie und verbessert die Verbrennung<\/strong><\/h3>\n<p>Octane Booster wirkt bei der Zugabe zum Benzin im Gegensatz zu den handels\u00fcblichen manganhaltigen Oktanzahlverbesserern (MMT) durch Erh\u00f6hung des Siedepunkts und der Energiedichte.<\/p>\n<p>Dadurch wird der Siedeverlauf des Benzins nachhaltig verbessert und seine Selbstentz\u00fcndungstemperatur abgesenkt. Die Folge ist ein homogener Verbrennungsverlauf, eine effiziente und nachhaltige Verbrennung und somit eine wesentliche h\u00f6here Leistungsausbeute des zugef\u00fchrten Kraftstoffes. Der Octane Booster verbrennt nahezu r\u00fcckstandsfrei mit einer <strong>messbaren Leistungs- und Drehmomentsteigerung des Motors<\/strong>. Motorger\u00e4usche wie Klingeln, Klopfen oder ein Nachz\u00fcnden werden verhindert.<\/p>\n<h4><strong>Vorteile <\/strong><\/h4>\n<ul>\n<li>steigert die Leistung<\/li>\n<li>erh\u00f6ht die Oktanzahl<\/li>\n<li>erh\u00f6ht die Energiedichte<\/li>\n<li>k\u00fchlere und effizientere Verbrennung<\/li>\n<li>senkt den Verbrauch und Abgaswerte<\/li>\n<li>umweltfreundlich, ohne sch\u00e4dliche Zus\u00e4tze<\/li>\n<li>verbessert Drehmoment und Beschleunigung<\/li>\n<li>reinigt das Kraftstoffsystem und die Einlasskan\u00e4le<\/li>\n<li>eeignet f\u00fcr GDI-(Gasoline Direct Injection) Motoren<\/li>\n<li>verhindert den Verschlei\u00df an Ventilen und Ventilsitzen<\/li>\n<li>erh\u00f6ht die Lebensdauer des gesamten Kraftstoffsystems<\/li>\n<li>verbrennt r\u00fcckstandsfrei ohne Ablagerungen an Ventilen, Ventilsitzen, Kolbenb\u00f6den und Z\u00fcndkerzen<\/li>\n<\/ul>\n<h4>Anwendungsbereich<\/h4>\n<p>Ideal geeignet f\u00fcr hochverdichtende Motoren in Rennsportfahrzeugen, sowie f\u00fcr alle anderen benzinbetriebenen Fahrzeuge und Motorr\u00e4der.<\/p>\n<p>Octane Booster ist mit jeder Benzinqualit\u00e4t mischbar. Auch f\u00fcr ethanolhaltige Kraftstoffe mit 5%, 10%, 15%, 50% und 85% Ethanol-Anteil geeignet.<\/p>\n<h4>Anwendungsempfehlung<\/h4>\n<p>Die Anwendungsmenge ist abh\u00e4ngig von der Qualit\u00e4t und Oktanzahl des Ausgangskraftstoffes.<br \/>\nDie Kraftstoffqualit\u00e4ten variieren sehr stark, demnach kann keine genau Faustformel f\u00fcr die Einsatzmengen gegeben werden. Niedrige Qualit\u00e4ten k\u00f6nnen leichter geboostet werden als Premium Benzinqualit\u00e4ten.<\/p>\n<h4>Dosierungsempfehlung<\/h4>\n<p>1 Ltr. f\u00fcr 50 Ltr. Benzin<\/p>\n<p>Octane Booster kann problemlos bis zu 5 % dem Benzin beigegeben werden.<br \/>\nOctane Booster sollte regelm\u00e4\u00dfig, vorzugsweise vor jeder Betankung, beigegeben werden.<\/p>\n<p>Hochleistungsmotoren sind in der Regel \u201efett\u201c eingestellt (Lambdawert &lt; 1), um eine entsprechende K\u00fchlung zu gew\u00e4hrleisten. Durch eine Abstimmung und Anpassung des Lambdawertes auf den jeweils mit dem Octane Booster \u201egeboosteten\u201c Kraftstoff k\u00f6nnen weitere Leistungssteigerungen und Verbrauchsreduzierungen erzielt werden.<\/p>\n<p>Versehentliche \u00dcberdosierungen f\u00fchren zu keiner Beeintr\u00e4chtigung des Kraftstoffsystems und der Betriebssicherheit.<\/p>\n<h4>Produktdatenblatt<\/h4>\n<p><a href=\"https:\/\/pp-performanceplus.com\/shop\/wp-content\/uploads\/2020\/07\/Data-sheet-PP054001_uk.pdf\">Produktdatenblatt ansehen<\/a><\/p>\n","protected":false},"excerpt":{"rendered":"<h3>Fl\u00fcssiges High-Tech Tuning<\/h3>\n<h5>Wichtig: Metall-Frei!<\/h5>\n<p>High-Tech Benzin-Zusatz zur Erh\u00f6hung der Oktanzahl und optimaler Leistungsaussch\u00f6pfung.\u00a0Die neuentwickelte, metallfreie Wirkstoffkombination schont die Lambdasonden, schafft einen stabilen Ausgleich zu schlechter Benzinqualit\u00e4t und erh\u00f6ht die Oktanzahl um bis 4 Punkte. Nur damit wird das volle Reservepotential eines Motors m\u00f6glich!<\/p>\n<p>Pflichtprodukt zur Leistungssteigerung aller Benzinmotoren und zur Qualit\u00e4tsverbesserung von Renn- und Sonderkraftstoffen.\u00a0Octane Booster ist mit jeder Benzinqualit\u00e4t mischbar und vertr\u00e4glich.<\/p>\n","protected":false},"featured_media":20047,"comment_status":"open","ping_status":"closed","template":"","meta":[],"yoast_head":"<!-- This site is optimized with the Yoast SEO plugin v14.9 - https:\/\/yoast.com\/wordpress\/plugins\/seo\/ -->\n<title>Octane Booster high-class - PP-Perfomance Shop<\/title>\n<meta name=\"robots\" content=\"noindex, follow, max-snippet:-1, max-image-preview:large, max-video-preview:-1\" \/>\n<meta property=\"og:locale\" content=\"de_DE\" \/>\n<meta property=\"og:type\" content=\"article\" \/>\n<meta property=\"og:title\" content=\"Octane Booster high-class - PP-Perfomance Shop\" \/>\n<meta property=\"og:description\" content=\"Fl\u00fcssiges High-Tech Tuning Wichtig: Metall-Frei! High-Tech Benzin-Zusatz zur Erh\u00f6hung der Oktanzahl und optimaler Leistungsaussch\u00f6pfung.\u00a0Die neuentwickelte, metallfreie Wirkstoffkombination schont die Lambdasonden, schafft einen stabilen Ausgleich zu schlechter Benzinqualit\u00e4t und erh\u00f6ht die Oktanzahl um bis 4 Punkte. Nur damit wird das volle Reservepotential eines Motors m\u00f6glich!  Pflichtprodukt zur Leistungssteigerung aller Benzinmotoren und zur Qualit\u00e4tsverbesserung von Renn- und Sonderkraftstoffen.\u00a0Octane Booster ist mit jeder Benzinqualit\u00e4t mischbar und vertr\u00e4glich.\" \/>\n<meta property=\"og:url\" content=\"https:\/\/pp-performanceplus.com\/shop\/product\/octane-booster\/\" \/>\n<meta property=\"og:site_name\" content=\"PP-Perfomance Shop\" \/>\n<meta property=\"article:modified_time\" content=\"2026-03-02T05:06:20+00:00\" \/>\n<meta property=\"og:image\" content=\"https:\/\/pp-performanceplus.com\/shop\/wp-content\/uploads\/2020\/07\/PP54001_Neu-1200x1200-1-1-scaled.jpg\" \/>\n\t<meta property=\"og:image:width\" content=\"2560\" \/>\n\t<meta property=\"og:image:height\" content=\"2560\" \/>\n<meta name=\"twitter:card\" content=\"summary_large_image\" \/>\n<script type=\"application\/ld+json\" class=\"yoast-schema-graph\">{\"@context\":\"https:\/\/schema.org\",\"@graph\":[{\"@type\":\"WebSite\",\"@id\":\"https:\/\/pp-performanceplus.com\/shop\/#website\",\"url\":\"https:\/\/pp-performanceplus.com\/shop\/\",\"name\":\"PP-Perfomance Shop\",\"description\":\"\",\"potentialAction\":[{\"@type\":\"SearchAction\",\"target\":\"https:\/\/pp-performanceplus.com\/shop\/?s={search_term_string}\",\"query-input\":\"required name=search_term_string\"}],\"inLanguage\":\"de\"},{\"@type\":\"ImageObject\",\"@id\":\"https:\/\/pp-performanceplus.com\/shop\/product\/octane-booster\/#primaryimage\",\"inLanguage\":\"de\",\"url\":\"https:\/\/pp-performanceplus.com\/shop\/wp-content\/uploads\/2020\/07\/PP54001_Neu-1200x1200-1-1-scaled.jpg\",\"width\":2560,\"height\":2560},{\"@type\":\"WebPage\",\"@id\":\"https:\/\/pp-performanceplus.com\/shop\/product\/octane-booster\/#webpage\",\"url\":\"https:\/\/pp-performanceplus.com\/shop\/product\/octane-booster\/\",\"name\":\"Octane Booster high-class - PP-Perfomance Shop\",\"isPartOf\":{\"@id\":\"https:\/\/pp-performanceplus.com\/shop\/#website\"},\"primaryImageOfPage\":{\"@id\":\"https:\/\/pp-performanceplus.com\/shop\/product\/octane-booster\/#primaryimage\"},\"datePublished\":\"2020-07-06T11:33:21+00:00\",\"dateModified\":\"2026-03-02T05:06:20+00:00\",\"inLanguage\":\"de\",\"potentialAction\":[{\"@type\":\"ReadAction\",\"target\":[\"https:\/\/pp-performanceplus.com\/shop\/product\/octane-booster\/\"]}]}]}<\/script>\n<!-- \/ Yoast SEO plugin. -->","_links":{"self":[{"href":"https:\/\/pp-performanceplus.com\/shop\/wp-json\/wp\/v2\/product\/19904"}],"collection":[{"href":"https:\/\/pp-performanceplus.com\/shop\/wp-json\/wp\/v2\/product"}],"about":[{"href":"https:\/\/pp-performanceplus.com\/shop\/wp-json\/wp\/v2\/types\/product"}],"replies":[{"embeddable":true,"href":"https:\/\/pp-performanceplus.com\/shop\/wp-json\/wp\/v2\/comments?post=19904"}],"wp:featuredmedia":[{"embeddable":true,"href":"https:\/\/pp-performanceplus.com\/shop\/wp-json\/wp\/v2\/media\/20047"}],"wp:attachment":[{"href":"https:\/\/pp-performanceplus.com\/shop\/wp-json\/wp\/v2\/media?parent=19904"}],"curies":[{"name":"wp","href":"https:\/\/api.w.org\/{rel}","templated":true}]}}