{"id":19898,"date":"2020-07-06T13:05:14","date_gmt":"2020-07-06T11:05:14","guid":{"rendered":"https:\/\/pp-performanceplus.com\/shop\/?post_type=product&#038;p=19898"},"modified":"2026-02-18T21:11:19","modified_gmt":"2026-02-18T20:11:19","slug":"pp1-ceramic-oil-additiv","status":"publish","type":"product","link":"https:\/\/pp-performanceplus.com\/shop\/product\/pp1-ceramic-oil-additiv\/","title":{"rendered":"PP1 Motorsport Oil Additiv"},"content":{"rendered":"<h3>PP1 Motorsport \u00d6l-Zusatz reduziert Reibung und Verschlei\u00df in Motor &amp; Getriebe<\/h3>\n<p>Durch Reibung muss von Haus aus jeder Motor und jedes Differentialgetriebe mit Verschlei\u00df rechnen. Die verarbeiteten Metallteile reiben im laufenden Betrieb unter enormen Kr\u00e4ften unabl\u00e4ssig aneinander.\u00a0\u00a0Eine gute Schmierung durch Motor- oder Getriebe\u00f6l ist dabei unabl\u00e4ssig.<br \/>\nIst der Verschlei\u00df an Reibstellen im Motor wie z.B. Lager, Zylinder, Kolben, Kolbenringe, Nocken, Ventile u.v.m. oder im Getriebe wie Zahnr\u00e4der, Lager etc. erst einmal fortgeschritten, k\u00f6nnen metallische Motorenger\u00e4usche, ein rau laufender Motor, klingende oder singende Getriebeger\u00e4usche, sogar Kompressionsverlust, hoher \u00d6lverbrauch und schwarzer Rauch die Folge sein.<\/p>\n<p>Das PP1 Motorsport Ceramic Oil wird durch das Basis-\u00d6l schnell an die reibintensivsten stellen transportiert und in den unebenen Metalloberfl\u00e4chen eingelagert. Ein Sicherheitsdepot bleibt auch weiterhin im \u00d6lkreislauf bestehen, sodass auch bei einem Kaltstart der Verschlei\u00dfschutz gegeben ist. Die \u00e4u\u00dferst kleinen Ceramic-Teilchen dringen dabei durch jeden herk\u00f6mmlichen \u00d6l-Filter hindurch und sind unsch\u00e4dlich.<br \/>\nDurch die nun glatteren Oberfl\u00e4chen k\u00f6nnen die verschlei\u00dfanf\u00e4lligen Teile auch besser aneinander vorbei gleiten und sind so weniger Reibung und dem daraus resultierendem Verschlei\u00df ausgesetzt.<\/p>\n<h4>Vorteile<\/h4>\n<ul>\n<li>mehr Fahrfreude durch verbesserten Durchzug<\/li>\n<li><strong>reduzierter Spritverbrauch<\/strong> und Emissionen<\/li>\n<li>l\u00e4ngere Lebensdauer des Motors &amp; Getriebes (insb. Diff.-Getriebe)<\/li>\n<li>senkung der Motor- und Getriebe\u00f6ltemperatur<\/li>\n<li>senkung der Motor- oder Getriebeger\u00e4usche<\/li>\n<li>geschmeidigere Schaltvorg\u00e4nge<\/li>\n<li><strong>h\u00f6here Endgeschwindigkeiten<\/strong><\/li>\n<li>weniger Verschlei\u00df<\/li>\n<\/ul>\n<h4>Anwendungsbereich<\/h4>\n<p>PP1 Motorsport Oil kann jedem handels\u00fcblichen Motoren- und Getriebe\u00f6l zugesetzt werden. Es ist Turbolader- u. katalysatortauglich.<\/p>\n<p><strong>NICHT einsetzbar<\/strong>\u00a0in PKW-Automatikgetrieben sowie in DSG\/CVT-Getrieben, Vario-Getrieben sowie nassen Ein- oder Mehrscheibenbremsen und Wandlergetrieben!<\/p>\n<h4>Dosierung<\/h4>\n<p>10 % des Getriebe- oder Motor\u00f6lvolumens durch PP1 Motorsport Ceramic Oil ersetzen.<\/p>\n<h4>Produktdatenblatt<\/h4>\n<p><a href=\"https:\/\/pp-performanceplus.com\/shop\/wp-content\/uploads\/2020\/07\/Data-sheet-PP13500_uk.pdf\">Produktdatenblatt ansehen<\/a><\/p>\n","protected":false},"excerpt":{"rendered":"<h2>weniger Reibung = mehr Radleistung!<\/h2>\n<p>\u00d6l, nicht der glamour\u00f6seste Werkstoff eines Rennwagens, aber mit Sicherheit eines der wichtigsten. Ganz gleich, ob du ein Alltagsauto oder ein F1-Auto f\u00e4hrst, wirst du es benutzen, und es nimmt direkten Einfluss auf die Leistung deines Motors.<\/p>\n<p>PP1 Ceramic Oil ist eine Mischung aus Grundstoff und Additiven worin der eigentliche <strong>Zauber des Motorsports<\/strong> liegt. In der Regel werden solche Geheimnisse streng geh\u00fctet. Bei PP-Performance+ bekommst du\u2019s!<\/p>\n<p>Universell einsetzbarer Schmier\u00f6lzusatz in allen Motoren- und Getriebe\u00f6len reduziert Reibung und Verschlei\u00df. Sp\u00fcrbare Leistungssteigerung ist die Folge!<\/p>\n","protected":false},"featured_media":20046,"comment_status":"open","ping_status":"closed","template":"","meta":[],"yoast_head":"<!-- This site is optimized with the Yoast SEO plugin v14.9 - https:\/\/yoast.com\/wordpress\/plugins\/seo\/ -->\n<title>PP1 Motorsport Oil Additiv - PP-Perfomance Shop<\/title>\n<meta name=\"robots\" content=\"noindex, follow, max-snippet:-1, max-image-preview:large, max-video-preview:-1\" \/>\n<meta property=\"og:locale\" content=\"de_DE\" \/>\n<meta property=\"og:type\" content=\"article\" \/>\n<meta property=\"og:title\" content=\"PP1 Motorsport Oil Additiv - PP-Perfomance Shop\" \/>\n<meta property=\"og:description\" content=\"weniger Reibung = mehr Radleistung! \u00d6l, nicht der glamour\u00f6seste Werkstoff eines Rennwagens, aber mit Sicherheit eines der wichtigsten. Ganz gleich, ob du ein Alltagsauto oder ein F1-Auto f\u00e4hrst, wirst du es benutzen, und es nimmt direkten Einfluss auf die Leistung deines Motors.  PP1 Ceramic Oil ist eine Mischung aus Grundstoff und Additiven worin der eigentliche Zauber des Motorsports liegt. In der Regel werden solche Geheimnisse streng geh\u00fctet. Bei PP-Performance+ bekommst du\u2019s!  Universell einsetzbarer Schmier\u00f6lzusatz in allen Motoren- und Getriebe\u00f6len reduziert Reibung und Verschlei\u00df. Sp\u00fcrbare Leistungssteigerung ist die Folge!\" \/>\n<meta property=\"og:url\" content=\"https:\/\/pp-performanceplus.com\/shop\/product\/pp1-ceramic-oil-additiv\/\" \/>\n<meta property=\"og:site_name\" content=\"PP-Perfomance Shop\" \/>\n<meta property=\"article:modified_time\" content=\"2026-02-18T20:11:19+00:00\" \/>\n<meta property=\"og:image\" content=\"https:\/\/pp-performanceplus.com\/shop\/wp-content\/uploads\/2020\/07\/PP54001_Neu-1200x1200-1-scaled.jpg\" \/>\n\t<meta property=\"og:image:width\" content=\"2560\" \/>\n\t<meta property=\"og:image:height\" content=\"2560\" \/>\n<meta name=\"twitter:card\" content=\"summary_large_image\" \/>\n<script type=\"application\/ld+json\" class=\"yoast-schema-graph\">{\"@context\":\"https:\/\/schema.org\",\"@graph\":[{\"@type\":\"WebSite\",\"@id\":\"https:\/\/pp-performanceplus.com\/shop\/#website\",\"url\":\"https:\/\/pp-performanceplus.com\/shop\/\",\"name\":\"PP-Perfomance Shop\",\"description\":\"\",\"potentialAction\":[{\"@type\":\"SearchAction\",\"target\":\"https:\/\/pp-performanceplus.com\/shop\/?s={search_term_string}\",\"query-input\":\"required name=search_term_string\"}],\"inLanguage\":\"de\"},{\"@type\":\"ImageObject\",\"@id\":\"https:\/\/pp-performanceplus.com\/shop\/product\/pp1-ceramic-oil-additiv\/#primaryimage\",\"inLanguage\":\"de\",\"url\":\"https:\/\/pp-performanceplus.com\/shop\/wp-content\/uploads\/2020\/07\/PP54001_Neu-1200x1200-1-scaled.jpg\",\"width\":2560,\"height\":2560},{\"@type\":\"WebPage\",\"@id\":\"https:\/\/pp-performanceplus.com\/shop\/product\/pp1-ceramic-oil-additiv\/#webpage\",\"url\":\"https:\/\/pp-performanceplus.com\/shop\/product\/pp1-ceramic-oil-additiv\/\",\"name\":\"PP1 Motorsport Oil Additiv - PP-Perfomance Shop\",\"isPartOf\":{\"@id\":\"https:\/\/pp-performanceplus.com\/shop\/#website\"},\"primaryImageOfPage\":{\"@id\":\"https:\/\/pp-performanceplus.com\/shop\/product\/pp1-ceramic-oil-additiv\/#primaryimage\"},\"datePublished\":\"2020-07-06T11:05:14+00:00\",\"dateModified\":\"2026-02-18T20:11:19+00:00\",\"inLanguage\":\"de\",\"potentialAction\":[{\"@type\":\"ReadAction\",\"target\":[\"https:\/\/pp-performanceplus.com\/shop\/product\/pp1-ceramic-oil-additiv\/\"]}]}]}<\/script>\n<!-- \/ Yoast SEO plugin. -->","_links":{"self":[{"href":"https:\/\/pp-performanceplus.com\/shop\/wp-json\/wp\/v2\/product\/19898"}],"collection":[{"href":"https:\/\/pp-performanceplus.com\/shop\/wp-json\/wp\/v2\/product"}],"about":[{"href":"https:\/\/pp-performanceplus.com\/shop\/wp-json\/wp\/v2\/types\/product"}],"replies":[{"embeddable":true,"href":"https:\/\/pp-performanceplus.com\/shop\/wp-json\/wp\/v2\/comments?post=19898"}],"wp:featuredmedia":[{"embeddable":true,"href":"https:\/\/pp-performanceplus.com\/shop\/wp-json\/wp\/v2\/media\/20046"}],"wp:attachment":[{"href":"https:\/\/pp-performanceplus.com\/shop\/wp-json\/wp\/v2\/media?parent=19898"}],"curies":[{"name":"wp","href":"https:\/\/api.w.org\/{rel}","templated":true}]}}