{"id":232,"date":"2018-03-15T16:06:16","date_gmt":"2018-03-15T15:06:16","guid":{"rendered":"https:\/\/pp-performanceplus.com\/shop\/?page_id=232"},"modified":"2020-08-03T19:25:12","modified_gmt":"2020-08-03T17:25:12","slug":"zahlungsarten","status":"publish","type":"page","link":"https:\/\/pp-performanceplus.com\/shop\/zahlungsarten\/","title":{"rendered":"Zahlungsarten"},"content":{"rendered":"<p>[vc_row][vc_column el_class=&#8221;page-header page-header-small&#8221;]<div class=\"dzsparallaxer dzsparallaxer0 auto-init use-loading \"  data-options='{\"direction\": \"reverse\",\"mode_scroll\":\"`{`object Object`}`\",\"scroll_axis_x\":\"off\",\"scroll_axis_y\":\"on\"}' data-parallax_content_type=\"image\" style=\" height: 100%;\"><div class=\"divimage dzsparallaxer--target \" data-src=\"https:\/\/pp-performanceplus.com\/shop\/wp-content\/uploads\/2018\/03\/Home_1.jpg\"style=\";  height: 150%;\"><\/div><div class=\"preloader-semicircles\"><\/div><div class=\"parallaxer-content\"><\/p>\n<div class=\"big-text center-it\">\n<h1 class=\"text-white text-uppercase\">Zahlungsarten<\/h1>\n<\/div>\n<p><\/div><\/div>[\/vc_column][\/vc_row][vc_row type=&#8221;boxed&#8221; el_class=&#8221;section&#8221;][vc_column][vc_column_text]<\/p>\n<h3><strong>Zahlungsarten<\/strong><\/h3>\n<p>Wir bieten Ihnen folgende Zahlungsarten an. Suchen Sie sich einfach die f\u00fcr Sie optimale Zahlart aus. Die in den jeweiligen Angeboten angef\u00fchrten Preise stellen Endpreise dar. Sie beinhalten alle Preisbestandteile einschlie\u00dflich etwaig anfallender Steuern wie Mehrwertsteuer. Nur bei grenz\u00fcberschreitender Lieferung k\u00f6nnen im Einzelfall weitere Steuern (z.B. im Falle eines innergemeinschaftlichen Erwerbs) und\/oder Abgaben (z.B. Z\u00f6lle) von Ihnen zu zahlen sein, jedoch nicht an den Verk\u00e4ufer, sondern an die dort zust\u00e4ndigen Zoll- bzw. Steuerbeh\u00f6rden. Die anfallenden Liefer- und Versandkosten sind nicht im Kaufpreis enthalten, sie sind \u00fcber die Seite \u201eVersandkosten\u201c aufrufbar, werden im Laufe des Bestellvorganges gesondert ausgewiesen und sind von Ihnen zus\u00e4tzlich zu tragen.<\/p>\n<p><em>Kreditkarte<\/em><\/p>\n<p>Zahlen Sie ganz einfach und bequem per Kreditkarte. Unterst\u00fctzt werden alle g\u00e4ngigen Kreditkarten wie VISA, Mastercard, AMEX etc.<\/p>\n<p><em>Sofort\u00fcberweisung<\/em><\/p>\n<p>Direkt und unkompliziert Ihre Bestellung per Sofort\u00fcberweisung bezahlen.<\/p>\n<p><em>PayPal<\/em><\/p>\n<p>Noch schneller und sicherer bezahlen mit ihrem PayPal-Konto.[\/vc_column_text][\/vc_column][\/vc_row]<\/p>\n","protected":false},"excerpt":{"rendered":"<p>[vc_row][vc_column el_class=&#8221;page-header page-header-small&#8221;][\/vc_column][\/vc_row][vc_row type=&#8221;boxed&#8221; el_class=&#8221;section&#8221;][vc_column][vc_column_text] Zahlungsarten Wir bieten Ihnen folgende Zahlungsarten an. Suchen Sie sich einfach die f\u00fcr Sie optimale Zahlart aus. Die in den jeweiligen Angeboten angef\u00fchrten Preise stellen Endpreise dar. Sie beinhalten alle Preisbestandteile einschlie\u00dflich etwaig anfallender Steuern wie Mehrwertsteuer. Nur bei grenz\u00fcberschreitender Lieferung k\u00f6nnen im Einzelfall weitere Steuern (z.B. im Falle eines [&hellip;]<\/p>\n","protected":false},"author":21,"featured_media":0,"parent":0,"menu_order":0,"comment_status":"closed","ping_status":"closed","template":"page-full-width.php","meta":[],"yoast_head":"<!-- This site is optimized with the Yoast SEO plugin v14.9 - https:\/\/yoast.com\/wordpress\/plugins\/seo\/ -->\n<title>Zahlungsarten - PP-Perfomance Shop<\/title>\n<meta name=\"robots\" content=\"noindex, follow, max-snippet:-1, max-image-preview:large, max-video-preview:-1\" \/>\n<meta property=\"og:locale\" content=\"de_DE\" \/>\n<meta property=\"og:type\" content=\"article\" \/>\n<meta property=\"og:title\" content=\"Zahlungsarten - PP-Perfomance Shop\" \/>\n<meta property=\"og:description\" content=\"[vc_row][vc_column el_class=&#8221;page-header page-header-small&#8221;][\/vc_column][\/vc_row][vc_row type=&#8221;boxed&#8221; el_class=&#8221;section&#8221;][vc_column][vc_column_text] Zahlungsarten Wir bieten Ihnen folgende Zahlungsarten an. Suchen Sie sich einfach die f\u00fcr Sie optimale Zahlart aus. Die in den jeweiligen Angeboten angef\u00fchrten Preise stellen Endpreise dar. Sie beinhalten alle Preisbestandteile einschlie\u00dflich etwaig anfallender Steuern wie Mehrwertsteuer. Nur bei grenz\u00fcberschreitender Lieferung k\u00f6nnen im Einzelfall weitere Steuern (z.B. im Falle eines [&hellip;]\" \/>\n<meta property=\"og:url\" content=\"https:\/\/pp-performanceplus.com\/shop\/zahlungsarten\/\" \/>\n<meta property=\"og:site_name\" content=\"PP-Perfomance Shop\" \/>\n<meta property=\"article:modified_time\" content=\"2020-08-03T17:25:12+00:00\" \/>\n<meta name=\"twitter:card\" content=\"summary_large_image\" \/>\n<script type=\"application\/ld+json\" class=\"yoast-schema-graph\">{\"@context\":\"https:\/\/schema.org\",\"@graph\":[{\"@type\":\"WebSite\",\"@id\":\"https:\/\/pp-performanceplus.com\/shop\/#website\",\"url\":\"https:\/\/pp-performanceplus.com\/shop\/\",\"name\":\"PP-Perfomance Shop\",\"description\":\"\",\"potentialAction\":[{\"@type\":\"SearchAction\",\"target\":\"https:\/\/pp-performanceplus.com\/shop\/?s={search_term_string}\",\"query-input\":\"required name=search_term_string\"}],\"inLanguage\":\"de\"},{\"@type\":\"WebPage\",\"@id\":\"https:\/\/pp-performanceplus.com\/shop\/zahlungsarten\/#webpage\",\"url\":\"https:\/\/pp-performanceplus.com\/shop\/zahlungsarten\/\",\"name\":\"Zahlungsarten - PP-Perfomance Shop\",\"isPartOf\":{\"@id\":\"https:\/\/pp-performanceplus.com\/shop\/#website\"},\"datePublished\":\"2018-03-15T15:06:16+00:00\",\"dateModified\":\"2020-08-03T17:25:12+00:00\",\"inLanguage\":\"de\",\"potentialAction\":[{\"@type\":\"ReadAction\",\"target\":[\"https:\/\/pp-performanceplus.com\/shop\/zahlungsarten\/\"]}]}]}<\/script>\n<!-- \/ Yoast SEO plugin. -->","_links":{"self":[{"href":"https:\/\/pp-performanceplus.com\/shop\/wp-json\/wp\/v2\/pages\/232"}],"collection":[{"href":"https:\/\/pp-performanceplus.com\/shop\/wp-json\/wp\/v2\/pages"}],"about":[{"href":"https:\/\/pp-performanceplus.com\/shop\/wp-json\/wp\/v2\/types\/page"}],"author":[{"embeddable":true,"href":"https:\/\/pp-performanceplus.com\/shop\/wp-json\/wp\/v2\/users\/21"}],"replies":[{"embeddable":true,"href":"https:\/\/pp-performanceplus.com\/shop\/wp-json\/wp\/v2\/comments?post=232"}],"version-history":[{"count":6,"href":"https:\/\/pp-performanceplus.com\/shop\/wp-json\/wp\/v2\/pages\/232\/revisions"}],"predecessor-version":[{"id":20001,"href":"https:\/\/pp-performanceplus.com\/shop\/wp-json\/wp\/v2\/pages\/232\/revisions\/20001"}],"wp:attachment":[{"href":"https:\/\/pp-performanceplus.com\/shop\/wp-json\/wp\/v2\/media?parent=232"}],"curies":[{"name":"wp","href":"https:\/\/api.w.org\/{rel}","templated":true}]}}