{"id":11,"date":"2018-03-04T16:59:39","date_gmt":"2018-03-04T15:59:39","guid":{"rendered":"https:\/\/pp-performanceplus.com\/shop\/?page_id=11"},"modified":"2020-09-09T13:27:20","modified_gmt":"2020-09-09T11:27:20","slug":"ueber-uns","status":"publish","type":"page","link":"https:\/\/pp-performanceplus.com\/shop\/ueber-uns\/","title":{"rendered":"\u00dcber PP+"},"content":{"rendered":"<p>[vc_row][vc_column el_class=&#8221;page-header page-header-medium&#8221;]<div class=\"dzsparallaxer dzsparallaxer0 auto-init use-loading \"  data-options='{\"direction\": \"reverse\",\"scroll_axis_x\":\"off\",\"scroll_axis_y\":\"on\"}' data-parallax_content_type=\"image\" style=\" height: 100%;\"><div class=\"divimage dzsparallaxer--target \" data-src=\"https:\/\/pp-performanceplus.com\/shop\/wp-content\/uploads\/2018\/04\/backgroundtuning.jpg\"style=\";  height: 150%;\"><\/div><div class=\"preloader-semicircles\"><\/div><div class=\"parallaxer-content\">[vc_column_text]<\/p>\n<div class=\"big-text center-it\">\n<blockquote>\n<h2>Next Level<\/h2>\n<\/blockquote>\n<h3 class=\"text-white text-uppercase\"><strong>Additives |&nbsp;Oils |&nbsp;Technologies<\/strong><\/h3>\n<\/div>\n<div class=\"big-text center-it\">\n<p>&nbsp;<\/p>\n<\/div>\n<p>[\/vc_column_text]<\/div><\/div>[\/vc_column][\/vc_row][vc_row full_height=&#8221;yes&#8221; columns_placement=&#8221;stretch&#8221; equal_height=&#8221;yes&#8221;][vc_column][vc_row_inner equal_height=&#8221;yes&#8221;][vc_column_inner el_class=&#8221;section contentoverflowhidden&#8221; width=&#8221;1\/2&#8243;][vc_column_text css_animation=&#8221;fadeInUp&#8221;]<\/p>\n<h3 class=\"text-uppercase\">PP-Performance plus<\/h3>\n<h4><strong>Race proven tech. for your entire garage<\/strong><\/h4>\n<p>Die N\u00e4he zum Motorsport und den Zugang zu neusten Technologien haben uns einen Wettbewerbsvorteil geschaffen, den wir direkt an unsere Kunden weitergeben. Wir sind bekannt f\u00fcr die fortschrittliche Optimierung von Fahrzeugen und vertreten maximale Leistung auf allen Ebenen der Motortechnik. Dazu geh\u00f6rt es neben der Anpassung der Software auch zwingend die Fl\u00fcssigkeiten wie \u00d6le, K\u00fchlfl\u00fcssigkeiten und Treibstoffe aufzuwerten oder zu ersetzen. Nur so wird maximale Performance &amp; Effizienz erreicht welche im Fahrspass durch bessere Beschleunigung deutlich wird.<\/p>\n<p>Wir, das Technologie-Team von PP+ bieten euch die Produkte zum Kauf an und l\u00fcften das Geheimnis zur ganzheitlichen Performance.<\/p>\n<p>\u00dcberzeug dich selbst![\/vc_column_text][\/vc_column_inner][vc_column_inner el_class=&#8221;px-0&#8243; width=&#8221;1\/2&#8243;]<div class=\"dzsparallaxer dzsparallaxer1 auto-init use-loading \"  data-options='{\"direction\": \"reverse\",\"scroll_axis_x\":\"off\",\"scroll_axis_y\":\"on\"}' data-parallax_content_type=\"image\" style=\" height: 600px;\"><div class=\"divimage dzsparallaxer--target \" data-src=\"https:\/\/pp-performanceplus.com\/shop\/wp-content\/uploads\/2018\/04\/Chiptuning.jpg\"style=\";  height: 105%;\"><\/div><div class=\"preloader-semicircles\"><\/div><\/div>[\/vc_column_inner][\/vc_row_inner][\/vc_column][\/vc_row][vc_row el_class=&#8221;border-bottom-hr&#8221;][vc_column][vc_raw_html]JTNDZGl2JTIwY2xhc3MlM0QlMjJjb250YWN0JTIwdmNfY29sLXNtLTYlMjBiZy1yZWQlMjBweS1jdGElMjIlM0UlMEElMjAlM0NkaXYlMjBjbGFzcyUzRCUyMmluZm8lMjBpbmZvLWhvdmVyJTIyJTNFJTBBJTIwJTIwJTNDZGl2JTIwY2xhc3MlM0QlMjJpY29uJTIwaWNvbi13aGl0ZSUyMiUzRSUwQSUyMCUyMCUyMCUzQ2klMjBjbGFzcyUzRCUyMnVpLWljb24lMjB1aS1lbWFpbC04My0yJTIyJTNFJTNDJTJGaSUzRSUwQSUyMCUyMCUzQyUyRmRpdiUzRSUwQSUyMCUyMCUzQ2gyJTIwY2xhc3MlM0QlMjJ0aXRsZSUyMG10LTMwJTIyJTNFS29udGFrdCUzQyUyRmgyJTNFJTBBJTIwJTIwJTNDcCUyMGNsYXNzJTNEJTIyZGVzY3JpcHRpb24lMjBtdC0yMCUyMiUzRUhhc3QlMjBkdSUyMEZyYWdlbiUzRiUyME1lbGRlJTIwZGljaCUyMHVuZCUyMHdpciUyMGhlbGZlbiUyMGRpci4lM0MlMkZwJTNFJTBBJTBBJTIwJTIwJTNDZGl2JTIwY2xhc3MlM0QlMjJ2Y19idG4zLWNvbnRhaW5lciUyMHZjX2J0bjMtaW5saW5lJTIwbXQtMjAlMjIlM0UlMEElMjAlMjAlMjAlM0NhJTIwY2xhc3MlM0QlMjJ2Y19nZW5lcmFsJTIwdmNfYnRuMyUyMHZjX2J0bjMtc2l6ZS1tZCUyMHZjX2J0bjMtc2hhcGUtcm91bmRlZCUyMHZjX2J0bjMtc3R5bGUtbW9kZXJuJTIwJTIwJTIwdmNfYnRuMy1jb2xvci13aGl0ZSUyMiUyMGhyZWYlM0QlMjIlMkZzaG9wJTJGa29udGFrdCUyRiUyMiUyMHRpdGxlJTNEJTIyJTIyJTNFS29udGFrdGllcmUlMjAlMjAlMjB1bnMlMEElMjAlMjAlMjAlM0MlMkZhJTNFJTBBJTIwJTIwJTNDJTJGZGl2JTNFJTBBJTBBJTIwJTNDJTJGZGl2JTNFJTBBJTNDJTJGZGl2JTNFJTBBJTBBJTNDZGl2JTIwY2xhc3MlM0QlMjJjb250YWN0JTIwdmNfY29sLXNtLTYlMjBiZy1kYXJrLWdyYXklMjBweS1jdGElMjIlM0UlMEElMjAlM0NkaXYlMjBjbGFzcyUzRCUyMmluZm8lMjBpbmZvLWhvdmVyJTIyJTNFJTBBJTIwJTIwJTNDZGl2JTIwY2xhc3MlM0QlMjJpY29uJTIwaWNvbi13aGl0ZSUyMiUzRSUwQSUyMCUyMCUyMCUzQ2klMjBjbGFzcyUzRCUyMnVpLWljb24lMjB1aS1idWlsZGluZyUyMiUzRSUzQyUyRmklM0UlMEElMjAlMjAlM0MlMkZkaXYlM0UlMEElMjAlMjAlM0NoMiUyMGNsYXNzJTNEJTIydGl0bGUlMjBtdC0zMCUyMiUzRVVudGVybmVobWVuJTNDJTJGaDIlM0UlMEElMjAlMjAlM0NwJTIwY2xhc3MlM0QlMjJkZXNjcmlwdGlvbiUyMG10LTIwJTIyJTNFRXJmYWhyZSUyMG1laHIlMjAlQzMlQkNiZXIlMjBQUC1QZXJmb3JtYW5jZSUyMGF1ZiUyMHVuc2VyZXIlMjBVbnRlcm5laG1lbnN3ZWJzaXRlLiUzQyUyRnAlM0UlMEElMEElMjAlMjAlM0NkaXYlMjBjbGFzcyUzRCUyMnZjX2J0bjMtY29udGFpbmVyJTIwdmNfYnRuMy1pbmxpbmUlMjBtdC0yMCUyMiUzRSUwQSUyMCUyMCUyMCUzQ2ElMjBjbGFzcyUzRCUyMnZjX2dlbmVyYWwlMjB2Y19idG4zJTIwdmNfYnRuMy1zaXplLW1kJTIwdmNfYnRuMy1zaGFwZS1yb3VuZGVkJTIwdmNfYnRuMy1zdHlsZS1tb2Rlcm4lMjAlMjAlMjB2Y19idG4zLWNvbG9yLXdoaXRlJTIyJTIwaHJlZiUzRCUyMmh0dHBzJTNBJTJGJTJGd3d3LnBwLXBlcmZvcm1hbmNlLmRlJTJGY29tcGFueSUyMiUyMHRpdGxlJTNEJTIyJTIyJTNFTWVociUyMGVyZmFocmVuJTBBJTIwJTIwJTIwJTNDJTJGYSUzRSUwQSUyMCUyMCUzQyUyRmRpdiUzRSUwQSUwQSUyMCUzQyUyRmRpdiUzRSUwQSUzQyUyRmRpdiUzRQ==[\/vc_raw_html][\/vc_column][\/vc_row]<\/p>\n","protected":false},"excerpt":{"rendered":"<p>[vc_row][vc_column el_class=&#8221;page-header page-header-medium&#8221;][\/vc_column][\/vc_row][vc_row full_height=&#8221;yes&#8221; columns_placement=&#8221;stretch&#8221; equal_height=&#8221;yes&#8221;][vc_column][vc_row_inner equal_height=&#8221;yes&#8221;][vc_column_inner el_class=&#8221;section contentoverflowhidden&#8221; width=&#8221;1\/2&#8243;][vc_column_text css_animation=&#8221;fadeInUp&#8221;] PP-Performance plus Race proven tech. for your entire garage Die N\u00e4he zum Motorsport und den Zugang zu neusten Technologien haben uns einen Wettbewerbsvorteil geschaffen, den wir direkt an unsere Kunden weitergeben. Wir sind bekannt f\u00fcr die fortschrittliche Optimierung von Fahrzeugen und vertreten maximale Leistung [&hellip;]<\/p>\n","protected":false},"author":21,"featured_media":0,"parent":0,"menu_order":0,"comment_status":"closed","ping_status":"closed","template":"page-full-width.php","meta":[],"yoast_head":"<!-- This site is optimized with the Yoast SEO plugin v14.9 - https:\/\/yoast.com\/wordpress\/plugins\/seo\/ -->\n<title>\u00dcber PP+ - PP-Perfomance Shop<\/title>\n<meta name=\"robots\" content=\"noindex, follow, max-snippet:-1, max-image-preview:large, max-video-preview:-1\" \/>\n<meta property=\"og:locale\" content=\"de_DE\" \/>\n<meta property=\"og:type\" content=\"article\" \/>\n<meta property=\"og:title\" content=\"\u00dcber PP+ - PP-Perfomance Shop\" \/>\n<meta property=\"og:description\" content=\"[vc_row][vc_column el_class=&#8221;page-header page-header-medium&#8221;][\/vc_column][\/vc_row][vc_row full_height=&#8221;yes&#8221; columns_placement=&#8221;stretch&#8221; equal_height=&#8221;yes&#8221;][vc_column][vc_row_inner equal_height=&#8221;yes&#8221;][vc_column_inner el_class=&#8221;section contentoverflowhidden&#8221; width=&#8221;1\/2&#8243;][vc_column_text css_animation=&#8221;fadeInUp&#8221;] PP-Performance plus Race proven tech. for your entire garage Die N\u00e4he zum Motorsport und den Zugang zu neusten Technologien haben uns einen Wettbewerbsvorteil geschaffen, den wir direkt an unsere Kunden weitergeben. Wir sind bekannt f\u00fcr die fortschrittliche Optimierung von Fahrzeugen und vertreten maximale Leistung [&hellip;]\" \/>\n<meta property=\"og:url\" content=\"https:\/\/pp-performanceplus.com\/shop\/ueber-uns\/\" \/>\n<meta property=\"og:site_name\" content=\"PP-Perfomance Shop\" \/>\n<meta property=\"article:modified_time\" content=\"2020-09-09T11:27:20+00:00\" \/>\n<meta name=\"twitter:card\" content=\"summary_large_image\" \/>\n<script type=\"application\/ld+json\" class=\"yoast-schema-graph\">{\"@context\":\"https:\/\/schema.org\",\"@graph\":[{\"@type\":\"WebSite\",\"@id\":\"https:\/\/pp-performanceplus.com\/shop\/#website\",\"url\":\"https:\/\/pp-performanceplus.com\/shop\/\",\"name\":\"PP-Perfomance Shop\",\"description\":\"\",\"potentialAction\":[{\"@type\":\"SearchAction\",\"target\":\"https:\/\/pp-performanceplus.com\/shop\/?s={search_term_string}\",\"query-input\":\"required name=search_term_string\"}],\"inLanguage\":\"de\"},{\"@type\":\"WebPage\",\"@id\":\"https:\/\/pp-performanceplus.com\/shop\/ueber-uns\/#webpage\",\"url\":\"https:\/\/pp-performanceplus.com\/shop\/ueber-uns\/\",\"name\":\"\\u00dcber PP+ - PP-Perfomance Shop\",\"isPartOf\":{\"@id\":\"https:\/\/pp-performanceplus.com\/shop\/#website\"},\"datePublished\":\"2018-03-04T15:59:39+00:00\",\"dateModified\":\"2020-09-09T11:27:20+00:00\",\"inLanguage\":\"de\",\"potentialAction\":[{\"@type\":\"ReadAction\",\"target\":[\"https:\/\/pp-performanceplus.com\/shop\/ueber-uns\/\"]}]}]}<\/script>\n<!-- \/ Yoast SEO plugin. -->","_links":{"self":[{"href":"https:\/\/pp-performanceplus.com\/shop\/wp-json\/wp\/v2\/pages\/11"}],"collection":[{"href":"https:\/\/pp-performanceplus.com\/shop\/wp-json\/wp\/v2\/pages"}],"about":[{"href":"https:\/\/pp-performanceplus.com\/shop\/wp-json\/wp\/v2\/types\/page"}],"author":[{"embeddable":true,"href":"https:\/\/pp-performanceplus.com\/shop\/wp-json\/wp\/v2\/users\/21"}],"replies":[{"embeddable":true,"href":"https:\/\/pp-performanceplus.com\/shop\/wp-json\/wp\/v2\/comments?post=11"}],"version-history":[{"count":119,"href":"https:\/\/pp-performanceplus.com\/shop\/wp-json\/wp\/v2\/pages\/11\/revisions"}],"predecessor-version":[{"id":20205,"href":"https:\/\/pp-performanceplus.com\/shop\/wp-json\/wp\/v2\/pages\/11\/revisions\/20205"}],"wp:attachment":[{"href":"https:\/\/pp-performanceplus.com\/shop\/wp-json\/wp\/v2\/media?parent=11"}],"curies":[{"name":"wp","href":"https:\/\/api.w.org\/{rel}","templated":true}]}}